{"id":757710,"date":"2023-10-24T12:58:24","date_gmt":"2023-10-24T09:58:24","guid":{"rendered":"https:\/\/www.masaisrael.org\/?page_id=757710"},"modified":"2026-03-05T13:32:02","modified_gmt":"2026-03-05T11:32:02","slug":"safety-security-faqs","status":"publish","type":"page","link":"https:\/\/www.masaisrael.org\/fr\/safety-security-faqs\/","title":{"rendered":"Safety &#038; Security FAQs French"},"content":{"rendered":"","protected":false},"excerpt":{"rendered":"","protected":false},"author":10,"featured_media":756775,"parent":0,"menu_order":309,"comment_status":"closed","ping_status":"closed","template":"tpl-flexible-content.php","meta":{"_acf_changed":false,"footnotes":""},"class_list":["post-757710","page","type-page","status-publish","has-post-thumbnail","hentry"],"acf":[],"yoast_head":"<!-- This site is optimized with the Yoast SEO plugin v26.7 - https:\/\/yoast.com\/wordpress\/plugins\/seo\/ -->\n<title>FAQ s\u00fbret\u00e9 et s\u00e9curit\u00e9 pendant Glaives de Fer | Masa Israel Journey<\/title>\n<meta name=\"description\" content=\"Nous comprenons le poids des inqui\u00e9tudes des participants\/parents\/tuteurs, surtout en cette p\u00e9riode incertaine. Nous sommes l\u00e0 pour apporter des r\u00e9ponses claires et sinc\u00e8res \u00e0 toutes les questions.\" \/>\n<meta name=\"robots\" content=\"index, follow, max-snippet:-1, max-image-preview:large, max-video-preview:-1\" \/>\n<link rel=\"canonical\" href=\"https:\/\/www.masaisrael.org\/fr\/safety-security-faqs\/\" \/>\n<meta property=\"og:locale\" content=\"fr_FR\" \/>\n<meta property=\"og:type\" content=\"article\" \/>\n<meta property=\"og:title\" content=\"FAQ s\u00fbret\u00e9 et s\u00e9curit\u00e9 pendant Glaives de Fer | Masa Israel Journey\" \/>\n<meta property=\"og:description\" content=\"Nous comprenons le poids des inqui\u00e9tudes des participants\/parents\/tuteurs, surtout en cette p\u00e9riode incertaine. Nous sommes l\u00e0 pour apporter des r\u00e9ponses claires et sinc\u00e8res \u00e0 toutes les questions.\" \/>\n<meta property=\"og:url\" content=\"https:\/\/www.masaisrael.org\/fr\/safety-security-faqs\/\" \/>\n<meta property=\"og:site_name\" content=\"Masa Israel\" \/>\n<meta property=\"article:publisher\" content=\"https:\/\/www.facebook.com\/masaisrael\/\" \/>\n<meta property=\"article:modified_time\" content=\"2026-03-05T11:32:02+00:00\" \/>\n<meta property=\"og:image\" content=\"https:\/\/www.masaisrael.org\/wp-content\/uploads\/2023\/10\/Shutterstock_1899455371-1.jpg?lm=6522A602\" \/>\n\t<meta property=\"og:image:width\" content=\"1080\" \/>\n\t<meta property=\"og:image:height\" content=\"1080\" \/>\n\t<meta property=\"og:image:type\" content=\"image\/jpeg\" \/>\n<meta name=\"twitter:card\" content=\"summary_large_image\" \/>\n<meta name=\"twitter:site\" content=\"@MasaIsrael\" \/>\n<script type=\"application\/ld+json\" class=\"yoast-schema-graph\">{\"@context\":\"https:\/\/schema.org\",\"@graph\":[{\"@type\":\"WebPage\",\"@id\":\"https:\/\/www.masaisrael.org\/fr\/safety-security-faqs\/\",\"url\":\"https:\/\/www.masaisrael.org\/fr\/safety-security-faqs\/\",\"name\":\"FAQ s\u00fbret\u00e9 et s\u00e9curit\u00e9 pendant Glaives de Fer | Masa Israel Journey\",\"isPartOf\":{\"@id\":\"https:\/\/www.masaisrael.org\/fr\/#website\"},\"primaryImageOfPage\":{\"@id\":\"https:\/\/www.masaisrael.org\/fr\/safety-security-faqs\/#primaryimage\"},\"image\":{\"@id\":\"https:\/\/www.masaisrael.org\/fr\/safety-security-faqs\/#primaryimage\"},\"thumbnailUrl\":\"https:\/\/www.masaisrael.org\/wp-content\/uploads\/2023\/10\/Shutterstock_1899455371-1.jpg\",\"datePublished\":\"2023-10-24T09:58:24+00:00\",\"dateModified\":\"2026-03-05T11:32:02+00:00\",\"description\":\"Nous comprenons le poids des inqui\u00e9tudes des participants\/parents\/tuteurs, surtout en cette p\u00e9riode incertaine. Nous sommes l\u00e0 pour apporter des r\u00e9ponses claires et sinc\u00e8res \u00e0 toutes les questions.\",\"breadcrumb\":{\"@id\":\"https:\/\/www.masaisrael.org\/fr\/safety-security-faqs\/#breadcrumb\"},\"inLanguage\":\"fr-FR\",\"potentialAction\":[{\"@type\":\"ReadAction\",\"target\":[\"https:\/\/www.masaisrael.org\/fr\/safety-security-faqs\/\"]}]},{\"@type\":\"ImageObject\",\"inLanguage\":\"fr-FR\",\"@id\":\"https:\/\/www.masaisrael.org\/fr\/safety-security-faqs\/#primaryimage\",\"url\":\"https:\/\/www.masaisrael.org\/wp-content\/uploads\/2023\/10\/Shutterstock_1899455371-1.jpg\",\"contentUrl\":\"https:\/\/www.masaisrael.org\/wp-content\/uploads\/2023\/10\/Shutterstock_1899455371-1.jpg\",\"width\":1080,\"height\":1080},{\"@type\":\"BreadcrumbList\",\"@id\":\"https:\/\/www.masaisrael.org\/fr\/safety-security-faqs\/#breadcrumb\",\"itemListElement\":[{\"@type\":\"ListItem\",\"position\":1,\"name\":\"Home\",\"item\":\"https:\/\/www.masaisrael.org\/fr\/\"},{\"@type\":\"ListItem\",\"position\":2,\"name\":\"Safety &#038; Security FAQs French\"}]},{\"@type\":\"WebSite\",\"@id\":\"https:\/\/www.masaisrael.org\/fr\/#website\",\"url\":\"https:\/\/www.masaisrael.org\/fr\/\",\"name\":\"Masa Israel\",\"description\":\"\",\"publisher\":{\"@id\":\"https:\/\/www.masaisrael.org\/fr\/#organization\"},\"potentialAction\":[{\"@type\":\"SearchAction\",\"target\":{\"@type\":\"EntryPoint\",\"urlTemplate\":\"https:\/\/www.masaisrael.org\/fr\/?s={search_term_string}\"},\"query-input\":{\"@type\":\"PropertyValueSpecification\",\"valueRequired\":true,\"valueName\":\"search_term_string\"}}],\"inLanguage\":\"fr-FR\"},{\"@type\":\"Organization\",\"@id\":\"https:\/\/www.masaisrael.org\/fr\/#organization\",\"name\":\"Masa Israel\",\"url\":\"https:\/\/www.masaisrael.org\/fr\/\",\"logo\":{\"@type\":\"ImageObject\",\"inLanguage\":\"fr-FR\",\"@id\":\"https:\/\/www.masaisrael.org\/fr\/#\/schema\/logo\/image\/\",\"url\":\"https:\/\/www.masaisrael.org\/wp-content\/uploads\/2025\/02\/Masa-Logo-square-color-1.svg\",\"contentUrl\":\"https:\/\/www.masaisrael.org\/wp-content\/uploads\/2025\/02\/Masa-Logo-square-color-1.svg\",\"width\":1,\"height\":1,\"caption\":\"Masa Israel\"},\"image\":{\"@id\":\"https:\/\/www.masaisrael.org\/fr\/#\/schema\/logo\/image\/\"},\"sameAs\":[\"https:\/\/www.facebook.com\/masaisrael\/\",\"https:\/\/x.com\/MasaIsrael\",\"https:\/\/www.instagram.com\/masaisrael\/\",\"https:\/\/www.linkedin.com\/company\/masa-israel-journey\/\",\"https:\/\/www.youtube.com\/user\/MASAIsraelJourney\/\",\"https:\/\/en.wikipedia.org\/wiki\/Masa_Israel_Journey\"]}]}<\/script>\n<!-- \/ Yoast SEO plugin. -->","yoast_head_json":{"title":"FAQ s\u00fbret\u00e9 et s\u00e9curit\u00e9 pendant Glaives de Fer | Masa Israel Journey","description":"Nous comprenons le poids des inqui\u00e9tudes des participants\/parents\/tuteurs, surtout en cette p\u00e9riode incertaine. Nous sommes l\u00e0 pour apporter des r\u00e9ponses claires et sinc\u00e8res \u00e0 toutes les questions.","robots":{"index":"index","follow":"follow","max-snippet":"max-snippet:-1","max-image-preview":"max-image-preview:large","max-video-preview":"max-video-preview:-1"},"canonical":"https:\/\/www.masaisrael.org\/fr\/safety-security-faqs\/","og_locale":"fr_FR","og_type":"article","og_title":"FAQ s\u00fbret\u00e9 et s\u00e9curit\u00e9 pendant Glaives de Fer | Masa Israel Journey","og_description":"Nous comprenons le poids des inqui\u00e9tudes des participants\/parents\/tuteurs, surtout en cette p\u00e9riode incertaine. Nous sommes l\u00e0 pour apporter des r\u00e9ponses claires et sinc\u00e8res \u00e0 toutes les questions.","og_url":"https:\/\/www.masaisrael.org\/fr\/safety-security-faqs\/","og_site_name":"Masa Israel","article_publisher":"https:\/\/www.facebook.com\/masaisrael\/","article_modified_time":"2026-03-05T11:32:02+00:00","og_image":[{"width":1080,"height":1080,"url":"https:\/\/www.masaisrael.org\/wp-content\/uploads\/2023\/10\/Shutterstock_1899455371-1.jpg?lm=6522A602","type":"image\/jpeg"}],"twitter_card":"summary_large_image","twitter_site":"@MasaIsrael","schema":{"@context":"https:\/\/schema.org","@graph":[{"@type":"WebPage","@id":"https:\/\/www.masaisrael.org\/fr\/safety-security-faqs\/","url":"https:\/\/www.masaisrael.org\/fr\/safety-security-faqs\/","name":"FAQ s\u00fbret\u00e9 et s\u00e9curit\u00e9 pendant Glaives de Fer | Masa Israel Journey","isPartOf":{"@id":"https:\/\/www.masaisrael.org\/fr\/#website"},"primaryImageOfPage":{"@id":"https:\/\/www.masaisrael.org\/fr\/safety-security-faqs\/#primaryimage"},"image":{"@id":"https:\/\/www.masaisrael.org\/fr\/safety-security-faqs\/#primaryimage"},"thumbnailUrl":"https:\/\/www.masaisrael.org\/wp-content\/uploads\/2023\/10\/Shutterstock_1899455371-1.jpg","datePublished":"2023-10-24T09:58:24+00:00","dateModified":"2026-03-05T11:32:02+00:00","description":"Nous comprenons le poids des inqui\u00e9tudes des participants\/parents\/tuteurs, surtout en cette p\u00e9riode incertaine. Nous sommes l\u00e0 pour apporter des r\u00e9ponses claires et sinc\u00e8res \u00e0 toutes les questions.","breadcrumb":{"@id":"https:\/\/www.masaisrael.org\/fr\/safety-security-faqs\/#breadcrumb"},"inLanguage":"fr-FR","potentialAction":[{"@type":"ReadAction","target":["https:\/\/www.masaisrael.org\/fr\/safety-security-faqs\/"]}]},{"@type":"ImageObject","inLanguage":"fr-FR","@id":"https:\/\/www.masaisrael.org\/fr\/safety-security-faqs\/#primaryimage","url":"https:\/\/www.masaisrael.org\/wp-content\/uploads\/2023\/10\/Shutterstock_1899455371-1.jpg","contentUrl":"https:\/\/www.masaisrael.org\/wp-content\/uploads\/2023\/10\/Shutterstock_1899455371-1.jpg","width":1080,"height":1080},{"@type":"BreadcrumbList","@id":"https:\/\/www.masaisrael.org\/fr\/safety-security-faqs\/#breadcrumb","itemListElement":[{"@type":"ListItem","position":1,"name":"Home","item":"https:\/\/www.masaisrael.org\/fr\/"},{"@type":"ListItem","position":2,"name":"Safety &#038; Security FAQs French"}]},{"@type":"WebSite","@id":"https:\/\/www.masaisrael.org\/fr\/#website","url":"https:\/\/www.masaisrael.org\/fr\/","name":"Masa Israel","description":"","publisher":{"@id":"https:\/\/www.masaisrael.org\/fr\/#organization"},"potentialAction":[{"@type":"SearchAction","target":{"@type":"EntryPoint","urlTemplate":"https:\/\/www.masaisrael.org\/fr\/?s={search_term_string}"},"query-input":{"@type":"PropertyValueSpecification","valueRequired":true,"valueName":"search_term_string"}}],"inLanguage":"fr-FR"},{"@type":"Organization","@id":"https:\/\/www.masaisrael.org\/fr\/#organization","name":"Masa Israel","url":"https:\/\/www.masaisrael.org\/fr\/","logo":{"@type":"ImageObject","inLanguage":"fr-FR","@id":"https:\/\/www.masaisrael.org\/fr\/#\/schema\/logo\/image\/","url":"https:\/\/www.masaisrael.org\/wp-content\/uploads\/2025\/02\/Masa-Logo-square-color-1.svg","contentUrl":"https:\/\/www.masaisrael.org\/wp-content\/uploads\/2025\/02\/Masa-Logo-square-color-1.svg","width":1,"height":1,"caption":"Masa Israel"},"image":{"@id":"https:\/\/www.masaisrael.org\/fr\/#\/schema\/logo\/image\/"},"sameAs":["https:\/\/www.facebook.com\/masaisrael\/","https:\/\/x.com\/MasaIsrael","https:\/\/www.instagram.com\/masaisrael\/","https:\/\/www.linkedin.com\/company\/masa-israel-journey\/","https:\/\/www.youtube.com\/user\/MASAIsraelJourney\/","https:\/\/en.wikipedia.org\/wiki\/Masa_Israel_Journey"]}]}},"_links":{"self":[{"href":"https:\/\/www.masaisrael.org\/fr\/wp-json\/wp\/v2\/pages\/757710","targetHints":{"allow":["GET"]}}],"collection":[{"href":"https:\/\/www.masaisrael.org\/fr\/wp-json\/wp\/v2\/pages"}],"about":[{"href":"https:\/\/www.masaisrael.org\/fr\/wp-json\/wp\/v2\/types\/page"}],"author":[{"embeddable":true,"href":"https:\/\/www.masaisrael.org\/fr\/wp-json\/wp\/v2\/users\/10"}],"replies":[{"embeddable":true,"href":"https:\/\/www.masaisrael.org\/fr\/wp-json\/wp\/v2\/comments?post=757710"}],"version-history":[{"count":9,"href":"https:\/\/www.masaisrael.org\/fr\/wp-json\/wp\/v2\/pages\/757710\/revisions"}],"predecessor-version":[{"id":779089,"href":"https:\/\/www.masaisrael.org\/fr\/wp-json\/wp\/v2\/pages\/757710\/revisions\/779089"}],"wp:featuredmedia":[{"embeddable":true,"href":"https:\/\/www.masaisrael.org\/fr\/wp-json\/wp\/v2\/media\/756775"}],"wp:attachment":[{"href":"https:\/\/www.masaisrael.org\/fr\/wp-json\/wp\/v2\/media?parent=757710"}],"curies":[{"name":"wp","href":"https:\/\/api.w.org\/{rel}","templated":true}]}}